{"id":230,"date":"2022-06-15T15:18:52","date_gmt":"2022-06-15T13:18:52","guid":{"rendered":"http:\/\/muko.gda.pl\/przeskoczmukowiscydoze\/?page_id=230"},"modified":"2022-09-08T08:05:22","modified_gmt":"2022-09-08T06:05:22","slug":"regulamin","status":"publish","type":"page","link":"https:\/\/muko.gda.pl\/przeskoczmukowiscydoze\/regulamin\/","title":{"rendered":"Regulamin"},"content":{"rendered":"<p><strong>Regulamin akcji #PrzeskoczMukowiscydoz\u0119 2022<\/strong><\/p>\n<p><strong>I. CEL AKCJI<\/strong><\/p>\n<p>1. Budowanie \u015bwiadomo\u015bci spo\u0142ecznej na temat mukowiscydozy.<br \/>\n2. Budowanie \u015bwiadomo\u015bci chorych na mukowiscydoz\u0119 oraz cz\u0142onk\u00f3w ich rodzin i\u00a0najbli\u017cszego otoczenia odno\u015bnie roli aktywno\u015bci fizycznej, w tym skakania na skakance, w codziennej fizjoterapii chorych na mukowiscydoz\u0119, oraz jej wp\u0142ywie na jako\u015b\u0107 i\u00a0d\u0142ugo\u015b\u0107 ich \u017cycia.<br \/>\n3. Prze\u0142amywanie barier i integracja spo\u0142eczna os\u00f3b niepe\u0142nosprawnych chorych na mukowiscydoz\u0119.<br \/>\n4. Pozyskanie \u015brodk\u00f3w na cele statutowe Polskiego Towarzystwa Walki z Mukowiscydoz\u0105 Oddzia\u0142 w Gda\u0144sku.<\/p>\n<p><strong>II. ORGANIZATOR<\/strong><\/p>\n<p>Polskie Towarzystwo Walki z Mukowiscydoz\u0105 Oddzia\u0142 w Gda\u0144sku.<\/p>\n<p><strong>III. MECENAS G\u0141\u00d3WNY<br \/>\n<\/strong>Energa Grupa Orlen<\/p>\n<p><strong>IV. TERMIN ORAZ MIEJSCE AKCJI<\/strong><\/p>\n<p>1. Akcja trwa od 08.09.2022 do 30.09.2022 na terenie ca\u0142ej Polski w formie wirtualnej.<br \/>\n2. Wydarzenie rozpoczynaj\u0105ce akcj\u0119- Trening z Irkiem \u017bakiem odb\u0119dzie si\u0119 8.09.2022 w Parku Regana w Gda\u0144sku (skatepark ko\u0142o placu zabaw przy ul. Prezydenta Lecha Kaczy\u0144skiego na wysoko\u015bci Orlenu) w godzinach 10:00-12:00<\/p>\n<p><strong>V. LIMIT <\/strong><br \/>\n\u0141\u0105czna liczba Uczestnik\u00f3w treningu ograniczona jest <strong>do 990 os\u00f3b<\/strong>.<\/p>\n<p><strong>VI. ZAPISY<\/strong><\/p>\n<p>1. Zg\u0142osze\u0144 ch\u0119ci udzia\u0142u w akcji, czyli skakania na skakance mo\u017cna dokonywa\u0107 od dnia\u00a0<strong>1 wrze\u015bnia 2022 do 30 wrze\u015bnia 2022 <\/strong>drog\u0105 elektroniczn\u0105 stronie internetowej\u00a0<a href=\"http:\/\/bieg.oddychaj.pl\/\"><strong>muko.gda.pl\/przeskoczmukowiscydoze<\/strong><\/a><br \/>\n2. Zg\u0142oszenia mo\u017cna dokona\u0107 w imieniu szko\u0142y, firmy lub jako osoba prywatna.<\/p>\n<p><strong>VII. DARMOWE PAKIETY<br \/>\n<\/strong>1. Dla pierwszych 20 szk\u00f3\u0142, 20 firm oraz 20 os\u00f3b prywatnych, kt\u00f3re zapisz\u0105 si\u0119 przez formularz dost\u0119pny na stronie akcji przewidziane s\u0105 darmowe pakiety sportowe zawieraj\u0105ce skakank\u0119.<br \/>\n2. Pakiety b\u0119dzie mo\u017cna odebra\u0107 osobi\u015bcie w siedzibie organizatora, ul. Polanki 119; 80-308 Gda\u0144sk, budynek numer 5, od 08.09.2022r. w dni powszednie w godzinach 7:30-14:30 lub w dniu Treningu z Irkiem \u017bakiem na terenie Parku Regana w Gda\u0144sku w dniu 08.09.2022r. w godzinach 10:00-13:00.<br \/>\n3.Szko\u0142om firmom lub osobom prywatnym, kt\u00f3re nie b\u0119d\u0105 mog\u0142y odebra\u0107 pakietu osobi\u015bcie zostanie on przes\u0142any Poczt\u0105 Polsk\u0105 na koszt organizatora.<br \/>\n4.Uczestnik powinien poinformowa\u0107 organizatora o sposobie przekazania pakietu w formularzu zg\u0142oszeniowym.<\/p>\n<p><strong>VIII. UCZESTNICTWO<br \/>\n<\/strong>1. W akcji nie obowi\u0105zuje limit wiekowy<br \/>\n2. Uczestnikami akcji mog\u0105 by\u0107 chorzy na mukowiscydoz\u0119, cz\u0142onkowie ich<\/p>\n<p>rodzin, przyjaciele, wolontariusze oraz wszystkie osoby, kt\u00f3re chc\u0105 solidaryzowa\u0107 si\u0119 z chorymi na mukowiscydoz\u0119.<br \/>\n3. Zapisuj\u0105c si\u0119 do akcji Uczestnik za\u015bwiadcza, \u017ce stan jego zdrowia umo\u017cliwia mu udzia\u0142 w akcji, oraz \u017ce bierze udzia\u0142 w akcji na w\u0142asn\u0105 odpowiedzialno\u015b\u0107.<br \/>\n4. Organizator nie zapewnia ubezpieczenia NNW. Uczestnik powinien ubezpieczy\u0107 si\u0119 we w\u0142asnym zakresie i posiada\u0107 podstawowe ubezpieczenie zdrowotne.<\/p>\n<p>5.Dla szk\u00f3\u0142 i firm, kt\u00f3re wezm\u0105 udzia\u0142 w akcji przewidziana jest mo\u017cliwo\u015b\u0107 ekspozycji logo na stronie akcji w zak\u0142adce \u201ewspieraj\u0105 nas\u201d.<\/p>\n<p><strong>IX. OCHRONA DANYCH OSOBOWYCH<\/strong><br \/>\n1. Dane osobowe uczestnik\u00f3w akcji b\u0119d\u0105 przetwarzane zgodnie z przepisami okre\u015blonymi w Rozporz\u0105dzeniem Parlamentu Europejskiego i Rady (UE) 2016\/679 z 27 kwietnia 2016 r. w sprawie ochrony os\u00f3b fizycznych w zwi\u0105zku z przetwarzaniem danych osobowych i w sprawie swobodnego przep\u0142ywu takich danych oraz uchylenia dyrektywy 95\/46\/WE.<br \/>\n2. Dane osobowe uczestnik\u00f3w akcji b\u0119d\u0105 przetwarzane w celach przeprowadzenia imprezy, wysy\u0142ki darmowych pakiet\u00f3w oraz wysy\u0142ki droga elektroniczn\u0105 podzi\u0119kowania za udzia\u0142 w akcji.<br \/>\n3. Udzia\u0142 w akcji oznacza wyra\u017cenie przez uczestnika zgody na nieodp\u0142atne rozpowszechnianie jego wizerunku bez ogranicze\u0144 terytorialnych i czasowych, w szczeg\u00f3lno\u015bci poprzez umieszczanie fotografii, film\u00f3w lub nagra\u0144 d\u017awi\u0119kowych z przebiegu akcji w serwisach internetowych Organizatora i Mecenasa G\u0142\u00f3wnego (media spo\u0142eczno\u015bciowe, tj. Facebook, Instagram oraz www) w celach promocyjnych oraz informacyjnych w zwi\u0105zku z organizacj\u0105 akcji #PrzeskoczMukowiscydoz\u0119, z zastrze\u017ceniem, \u017ce przedmiotowe fotografie i filmy w publikacjach os\u00f3b trzecich mog\u0105 jedynie ilustrowa\u0107 informacje o dzia\u0142alno\u015bci prowadzonej przez Organizatora, a ich wykorzystywanie w innym kontek\u015bcie nie jest dozwolone. Uczestnik przesy\u0142aj\u0105c zdj\u0119cia oraz materia\u0142y filmowe do Organizatora tym samym wyra\u017ca zgod\u0119 na nieodp\u0142atne rozpowszechnianie jego wizerunku bez ogranicze\u0144 terytorialnych i czasowych przez Organizatora i Mecenasa G\u0142\u00f3wnego w zwi\u0105zku z organizacj\u0105 akcji #PrzeskoczMukowiscydoz\u0119.<br \/>\n5. Podanie danych osobowych oraz wyra\u017cenie zgody na ich przetwarzanie jest dobrowolne, lecz ich niepodanie lub brak zgody na ich przetwarzanie uniemo\u017cliwia udzia\u0142 w akcji.<br \/>\n6. Pe\u0142na informacja o przetwarzaniu danych osobowych znajduje si\u0119 na stronie www.muko.gda.pl\/rodo<\/p>\n<p><strong>X. UWAGI KO\u0143COWE<\/strong><br \/>\n1. Kontakt do organizatora tel. 58 5543096, e-mail:\u00a0<a href=\"mailto:biuro@muko.gda.pl\">biuro@muko.gda.pl<\/a><br \/>\n2. Uczestnik przyjmuje do wiadomo\u015bci, \u017ce udzia\u0142 w akcji zwi\u0105zany jest z wysi\u0142kiem<\/p>\n","protected":false},"excerpt":{"rendered":"Regulamin akcji #PrzeskoczMukowiscydoz\u0119 2022 I. CEL AKCJI 1. Budowanie \u015bwiadomo\u015bci spo\u0142ecznej na temat mukowiscydozy. 2&#8230;.","protected":false},"author":3,"featured_media":0,"parent":0,"menu_order":0,"comment_status":"closed","ping_status":"closed","template":"template-text.php","meta":[],"acf":[],"yoast_head":"<!-- This site is optimized with the Yoast SEO plugin v19.3 - https:\/\/yoast.com\/wordpress\/plugins\/seo\/ -->\n<title>Regulamin - #PrzeskoczMukowiscydoz\u0119<\/title>\n<meta name=\"robots\" content=\"index, follow, max-snippet:-1, max-image-preview:large, max-video-preview:-1\" \/>\n<link rel=\"canonical\" href=\"https:\/\/muko.gda.pl\/przeskoczmukowiscydoze\/regulamin\/\" \/>\n<meta property=\"og:locale\" content=\"pl_PL\" \/>\n<meta property=\"og:type\" content=\"article\" \/>\n<meta property=\"og:title\" content=\"Regulamin - #PrzeskoczMukowiscydoz\u0119\" \/>\n<meta property=\"og:description\" content=\"Regulamin akcji #PrzeskoczMukowiscydoz\u0119 2022 I. CEL AKCJI 1. Budowanie \u015bwiadomo\u015bci spo\u0142ecznej na temat mukowiscydozy. 2....\" \/>\n<meta property=\"og:url\" content=\"https:\/\/muko.gda.pl\/przeskoczmukowiscydoze\/regulamin\/\" \/>\n<meta property=\"og:site_name\" content=\"#PrzeskoczMukowiscydoz\u0119\" \/>\n<meta property=\"article:modified_time\" content=\"2022-09-08T06:05:22+00:00\" \/>\n<meta name=\"twitter:card\" content=\"summary_large_image\" \/>\n<meta name=\"twitter:label1\" content=\"Est. reading time\" \/>\n\t<meta name=\"twitter:data1\" content=\"4 minuty\" \/>\n<script type=\"application\/ld+json\" class=\"yoast-schema-graph\">{\"@context\":\"https:\/\/schema.org\",\"@graph\":[{\"@type\":\"WebSite\",\"@id\":\"https:\/\/muko.gda.pl\/przeskoczmukowiscydoze\/#website\",\"url\":\"https:\/\/muko.gda.pl\/przeskoczmukowiscydoze\/\",\"name\":\"#PrzeskoczMukowiscydoz\u0119\",\"description\":\"8-go wrze\u015bnia obchodzimy \u015awiatowy Dzie\u0144 Mukowiscydozy\",\"potentialAction\":[{\"@type\":\"SearchAction\",\"target\":{\"@type\":\"EntryPoint\",\"urlTemplate\":\"https:\/\/muko.gda.pl\/przeskoczmukowiscydoze\/?s={search_term_string}\"},\"query-input\":\"required name=search_term_string\"}],\"inLanguage\":\"pl-PL\"},{\"@type\":\"WebPage\",\"@id\":\"https:\/\/muko.gda.pl\/przeskoczmukowiscydoze\/regulamin\/\",\"url\":\"https:\/\/muko.gda.pl\/przeskoczmukowiscydoze\/regulamin\/\",\"name\":\"Regulamin - #PrzeskoczMukowiscydoz\u0119\",\"isPartOf\":{\"@id\":\"https:\/\/muko.gda.pl\/przeskoczmukowiscydoze\/#website\"},\"datePublished\":\"2022-06-15T13:18:52+00:00\",\"dateModified\":\"2022-09-08T06:05:22+00:00\",\"breadcrumb\":{\"@id\":\"https:\/\/muko.gda.pl\/przeskoczmukowiscydoze\/regulamin\/#breadcrumb\"},\"inLanguage\":\"pl-PL\",\"potentialAction\":[{\"@type\":\"ReadAction\",\"target\":[\"https:\/\/muko.gda.pl\/przeskoczmukowiscydoze\/regulamin\/\"]}]},{\"@type\":\"BreadcrumbList\",\"@id\":\"https:\/\/muko.gda.pl\/przeskoczmukowiscydoze\/regulamin\/#breadcrumb\",\"itemListElement\":[{\"@type\":\"ListItem\",\"position\":1,\"name\":\"Strona g\u0142\u00f3wna\",\"item\":\"https:\/\/muko.gda.pl\/przeskoczmukowiscydoze\/\"},{\"@type\":\"ListItem\",\"position\":2,\"name\":\"Regulamin\"}]}]}<\/script>\n<!-- \/ Yoast SEO plugin. -->","yoast_head_json":{"title":"Regulamin - #PrzeskoczMukowiscydoz\u0119","robots":{"index":"index","follow":"follow","max-snippet":"max-snippet:-1","max-image-preview":"max-image-preview:large","max-video-preview":"max-video-preview:-1"},"canonical":"https:\/\/muko.gda.pl\/przeskoczmukowiscydoze\/regulamin\/","og_locale":"pl_PL","og_type":"article","og_title":"Regulamin - #PrzeskoczMukowiscydoz\u0119","og_description":"Regulamin akcji #PrzeskoczMukowiscydoz\u0119 2022 I. CEL AKCJI 1. Budowanie \u015bwiadomo\u015bci spo\u0142ecznej na temat mukowiscydozy. 2....","og_url":"https:\/\/muko.gda.pl\/przeskoczmukowiscydoze\/regulamin\/","og_site_name":"#PrzeskoczMukowiscydoz\u0119","article_modified_time":"2022-09-08T06:05:22+00:00","twitter_card":"summary_large_image","twitter_misc":{"Est. reading time":"4 minuty"},"schema":{"@context":"https:\/\/schema.org","@graph":[{"@type":"WebSite","@id":"https:\/\/muko.gda.pl\/przeskoczmukowiscydoze\/#website","url":"https:\/\/muko.gda.pl\/przeskoczmukowiscydoze\/","name":"#PrzeskoczMukowiscydoz\u0119","description":"8-go wrze\u015bnia obchodzimy \u015awiatowy Dzie\u0144 Mukowiscydozy","potentialAction":[{"@type":"SearchAction","target":{"@type":"EntryPoint","urlTemplate":"https:\/\/muko.gda.pl\/przeskoczmukowiscydoze\/?s={search_term_string}"},"query-input":"required name=search_term_string"}],"inLanguage":"pl-PL"},{"@type":"WebPage","@id":"https:\/\/muko.gda.pl\/przeskoczmukowiscydoze\/regulamin\/","url":"https:\/\/muko.gda.pl\/przeskoczmukowiscydoze\/regulamin\/","name":"Regulamin - #PrzeskoczMukowiscydoz\u0119","isPartOf":{"@id":"https:\/\/muko.gda.pl\/przeskoczmukowiscydoze\/#website"},"datePublished":"2022-06-15T13:18:52+00:00","dateModified":"2022-09-08T06:05:22+00:00","breadcrumb":{"@id":"https:\/\/muko.gda.pl\/przeskoczmukowiscydoze\/regulamin\/#breadcrumb"},"inLanguage":"pl-PL","potentialAction":[{"@type":"ReadAction","target":["https:\/\/muko.gda.pl\/przeskoczmukowiscydoze\/regulamin\/"]}]},{"@type":"BreadcrumbList","@id":"https:\/\/muko.gda.pl\/przeskoczmukowiscydoze\/regulamin\/#breadcrumb","itemListElement":[{"@type":"ListItem","position":1,"name":"Strona g\u0142\u00f3wna","item":"https:\/\/muko.gda.pl\/przeskoczmukowiscydoze\/"},{"@type":"ListItem","position":2,"name":"Regulamin"}]}]}},"_links":{"self":[{"href":"https:\/\/muko.gda.pl\/przeskoczmukowiscydoze\/wp-json\/wp\/v2\/pages\/230"}],"collection":[{"href":"https:\/\/muko.gda.pl\/przeskoczmukowiscydoze\/wp-json\/wp\/v2\/pages"}],"about":[{"href":"https:\/\/muko.gda.pl\/przeskoczmukowiscydoze\/wp-json\/wp\/v2\/types\/page"}],"author":[{"embeddable":true,"href":"https:\/\/muko.gda.pl\/przeskoczmukowiscydoze\/wp-json\/wp\/v2\/users\/3"}],"replies":[{"embeddable":true,"href":"https:\/\/muko.gda.pl\/przeskoczmukowiscydoze\/wp-json\/wp\/v2\/comments?post=230"}],"version-history":[{"count":9,"href":"https:\/\/muko.gda.pl\/przeskoczmukowiscydoze\/wp-json\/wp\/v2\/pages\/230\/revisions"}],"predecessor-version":[{"id":283,"href":"https:\/\/muko.gda.pl\/przeskoczmukowiscydoze\/wp-json\/wp\/v2\/pages\/230\/revisions\/283"}],"wp:attachment":[{"href":"https:\/\/muko.gda.pl\/przeskoczmukowiscydoze\/wp-json\/wp\/v2\/media?parent=230"}],"curies":[{"name":"wp","href":"https:\/\/api.w.org\/{rel}","templated":true}]}}