{"id":2,"date":"2019-04-09T15:21:41","date_gmt":"2019-04-09T13:21:41","guid":{"rendered":"http:\/\/rediwines.wwwprojekt.pl\/?page_id=2"},"modified":"2022-09-06T14:11:45","modified_gmt":"2022-09-06T12:11:45","slug":"main","status":"publish","type":"page","link":"https:\/\/muko.gda.pl\/przeskoczmukowiscydoze\/","title":{"rendered":"Strona g\u0142\u00f3wna"},"content":{"rendered":"","protected":false},"excerpt":{"rendered":"","protected":false},"author":3,"featured_media":0,"parent":0,"menu_order":0,"comment_status":"closed","ping_status":"closed","template":"","meta":[],"acf":[],"yoast_head":"<!-- This site is optimized with the Yoast SEO plugin v19.3 - https:\/\/yoast.com\/wordpress\/plugins\/seo\/ -->\n<title>Strona g\u0142\u00f3wna - #PrzeskoczMukowiscydoz\u0119<\/title>\n<meta name=\"robots\" content=\"index, follow, max-snippet:-1, max-image-preview:large, max-video-preview:-1\" \/>\n<link rel=\"canonical\" href=\"https:\/\/muko.gda.pl\/przeskoczmukowiscydoze\/\" \/>\n<meta property=\"og:locale\" content=\"pl_PL\" \/>\n<meta property=\"og:type\" content=\"article\" \/>\n<meta property=\"og:title\" content=\"Strona g\u0142\u00f3wna - #PrzeskoczMukowiscydoz\u0119\" \/>\n<meta property=\"og:url\" content=\"https:\/\/muko.gda.pl\/przeskoczmukowiscydoze\/\" \/>\n<meta property=\"og:site_name\" content=\"#PrzeskoczMukowiscydoz\u0119\" \/>\n<meta property=\"article:modified_time\" content=\"2022-09-06T12:11:45+00:00\" \/>\n<meta name=\"twitter:card\" content=\"summary_large_image\" \/>\n<script type=\"application\/ld+json\" class=\"yoast-schema-graph\">{\"@context\":\"https:\/\/schema.org\",\"@graph\":[{\"@type\":\"WebSite\",\"@id\":\"https:\/\/muko.gda.pl\/przeskoczmukowiscydoze\/#website\",\"url\":\"https:\/\/muko.gda.pl\/przeskoczmukowiscydoze\/\",\"name\":\"#PrzeskoczMukowiscydoz\u0119\",\"description\":\"8-go wrze\u015bnia obchodzimy \u015awiatowy Dzie\u0144 Mukowiscydozy\",\"potentialAction\":[{\"@type\":\"SearchAction\",\"target\":{\"@type\":\"EntryPoint\",\"urlTemplate\":\"https:\/\/muko.gda.pl\/przeskoczmukowiscydoze\/?s={search_term_string}\"},\"query-input\":\"required name=search_term_string\"}],\"inLanguage\":\"pl-PL\"},{\"@type\":\"WebPage\",\"@id\":\"https:\/\/muko.gda.pl\/przeskoczmukowiscydoze\/\",\"url\":\"https:\/\/muko.gda.pl\/przeskoczmukowiscydoze\/\",\"name\":\"Strona g\u0142\u00f3wna - #PrzeskoczMukowiscydoz\u0119\",\"isPartOf\":{\"@id\":\"https:\/\/muko.gda.pl\/przeskoczmukowiscydoze\/#website\"},\"datePublished\":\"2019-04-09T13:21:41+00:00\",\"dateModified\":\"2022-09-06T12:11:45+00:00\",\"breadcrumb\":{\"@id\":\"https:\/\/muko.gda.pl\/przeskoczmukowiscydoze\/#breadcrumb\"},\"inLanguage\":\"pl-PL\",\"potentialAction\":[{\"@type\":\"ReadAction\",\"target\":[\"https:\/\/muko.gda.pl\/przeskoczmukowiscydoze\/\"]}]},{\"@type\":\"BreadcrumbList\",\"@id\":\"https:\/\/muko.gda.pl\/przeskoczmukowiscydoze\/#breadcrumb\",\"itemListElement\":[{\"@type\":\"ListItem\",\"position\":1,\"name\":\"Strona g\u0142\u00f3wna\",\"item\":\"https:\/\/muko.gda.pl\/przeskoczmukowiscydoze\/\"},{\"@type\":\"ListItem\",\"position\":2,\"name\":\"Strona g\u0142\u00f3wna\"}]}]}<\/script>\n<!-- \/ Yoast SEO plugin. -->","yoast_head_json":{"title":"Strona g\u0142\u00f3wna - #PrzeskoczMukowiscydoz\u0119","robots":{"index":"index","follow":"follow","max-snippet":"max-snippet:-1","max-image-preview":"max-image-preview:large","max-video-preview":"max-video-preview:-1"},"canonical":"https:\/\/muko.gda.pl\/przeskoczmukowiscydoze\/","og_locale":"pl_PL","og_type":"article","og_title":"Strona g\u0142\u00f3wna - #PrzeskoczMukowiscydoz\u0119","og_url":"https:\/\/muko.gda.pl\/przeskoczmukowiscydoze\/","og_site_name":"#PrzeskoczMukowiscydoz\u0119","article_modified_time":"2022-09-06T12:11:45+00:00","twitter_card":"summary_large_image","schema":{"@context":"https:\/\/schema.org","@graph":[{"@type":"WebSite","@id":"https:\/\/muko.gda.pl\/przeskoczmukowiscydoze\/#website","url":"https:\/\/muko.gda.pl\/przeskoczmukowiscydoze\/","name":"#PrzeskoczMukowiscydoz\u0119","description":"8-go wrze\u015bnia obchodzimy \u015awiatowy Dzie\u0144 Mukowiscydozy","potentialAction":[{"@type":"SearchAction","target":{"@type":"EntryPoint","urlTemplate":"https:\/\/muko.gda.pl\/przeskoczmukowiscydoze\/?s={search_term_string}"},"query-input":"required name=search_term_string"}],"inLanguage":"pl-PL"},{"@type":"WebPage","@id":"https:\/\/muko.gda.pl\/przeskoczmukowiscydoze\/","url":"https:\/\/muko.gda.pl\/przeskoczmukowiscydoze\/","name":"Strona g\u0142\u00f3wna - #PrzeskoczMukowiscydoz\u0119","isPartOf":{"@id":"https:\/\/muko.gda.pl\/przeskoczmukowiscydoze\/#website"},"datePublished":"2019-04-09T13:21:41+00:00","dateModified":"2022-09-06T12:11:45+00:00","breadcrumb":{"@id":"https:\/\/muko.gda.pl\/przeskoczmukowiscydoze\/#breadcrumb"},"inLanguage":"pl-PL","potentialAction":[{"@type":"ReadAction","target":["https:\/\/muko.gda.pl\/przeskoczmukowiscydoze\/"]}]},{"@type":"BreadcrumbList","@id":"https:\/\/muko.gda.pl\/przeskoczmukowiscydoze\/#breadcrumb","itemListElement":[{"@type":"ListItem","position":1,"name":"Strona g\u0142\u00f3wna","item":"https:\/\/muko.gda.pl\/przeskoczmukowiscydoze\/"},{"@type":"ListItem","position":2,"name":"Strona g\u0142\u00f3wna"}]}]}},"_links":{"self":[{"href":"https:\/\/muko.gda.pl\/przeskoczmukowiscydoze\/wp-json\/wp\/v2\/pages\/2"}],"collection":[{"href":"https:\/\/muko.gda.pl\/przeskoczmukowiscydoze\/wp-json\/wp\/v2\/pages"}],"about":[{"href":"https:\/\/muko.gda.pl\/przeskoczmukowiscydoze\/wp-json\/wp\/v2\/types\/page"}],"author":[{"embeddable":true,"href":"https:\/\/muko.gda.pl\/przeskoczmukowiscydoze\/wp-json\/wp\/v2\/users\/3"}],"replies":[{"embeddable":true,"href":"https:\/\/muko.gda.pl\/przeskoczmukowiscydoze\/wp-json\/wp\/v2\/comments?post=2"}],"version-history":[{"count":27,"href":"https:\/\/muko.gda.pl\/przeskoczmukowiscydoze\/wp-json\/wp\/v2\/pages\/2\/revisions"}],"predecessor-version":[{"id":282,"href":"https:\/\/muko.gda.pl\/przeskoczmukowiscydoze\/wp-json\/wp\/v2\/pages\/2\/revisions\/282"}],"wp:attachment":[{"href":"https:\/\/muko.gda.pl\/przeskoczmukowiscydoze\/wp-json\/wp\/v2\/media?parent=2"}],"curies":[{"name":"wp","href":"https:\/\/api.w.org\/{rel}","templated":true}]}}