{"id":165,"date":"2022-06-10T13:15:00","date_gmt":"2022-06-10T11:15:00","guid":{"rendered":"http:\/\/muko.gda.pl\/przeskoczmukowiscydoze\/?page_id=165"},"modified":"2022-07-27T11:07:01","modified_gmt":"2022-07-27T09:07:01","slug":"rodo","status":"publish","type":"page","link":"https:\/\/muko.gda.pl\/przeskoczmukowiscydoze\/rodo\/","title":{"rendered":"Polityka prywatno\u015bci"},"content":{"rendered":"<p>&nbsp;<\/p>\n<p style=\"text-align: center;\"><strong>Polityka prywatno\u015bci<\/strong><\/p>\n<p><strong>Kto jest administratorem danych osobowych <\/strong><\/p>\n<p>Administratorem danych osobowych, kt\u00f3rych zasady przetwarzania opisujemy w tym dokumencie jest Polskie Towarzystwo Walki z Mukowiscydoz\u0105 Oddzia\u0142 w Gda\u0144sku (dalej: PTWM o. Gda\u0144sk) z siedzib\u0105 w Gda\u0144sku przy ul. Polanki 119 80-308 Gda\u0144sk. Aby si\u0119 z nami skontaktowa\u0107, nale\u017cy wys\u0142a\u0107 wiadomo\u015b\u0107 na adres e-mail: biuro@muko.gda.pl lub poczt\u0105 tradycyjn\u0105 na adres siedziby.<\/p>\n<p>W naszej Polityce prywatno\u015bci zbieramy najwa\u017cniejsze informacje dotycz\u0105ce zasad przetwarzania danych osobowych w naszym stowarzyszeniu. Wskazujemy kluczowe grupy os\u00f3b, kt\u00f3rych dane gromadzimy, oraz wyja\u015bniamy, w jakich celach to robimy, na jakiej podstawie prawnej, jak d\u0142ugo je przechowujemy. Informujemy r\u00f3wnie\u017c, jakie prawa przys\u0142uguj\u0105 osobom, kt\u00f3rych dane przetwarzamy.<\/p>\n<p><strong>W jaki spos\u00f3b przetwarzamy Twoje dane <\/strong><\/p>\n<p>Wi\u0119kszo\u015b\u0107 danych przechowujemy w formie elektronicznej na komputerach biurowych, wynaj\u0119tym serwerze oraz w telefonach. Przetwarzamy dane za po\u015brednictwem narz\u0119dzi informatycznych wykorzystywanych przez podmioty wsp\u00f3\u0142pracuj\u0105ce z naszym Stowarzyszeniem: przede wszystkim system poczty e-mail oraz chmury do przechowywania plik\u00f3w. Cz\u0119\u015b\u0107 danych przechowujemy w formie dokumentacji papierowej.<\/p>\n<p><strong>Komu powierzamy twoje dane <\/strong><\/p>\n<p>Dane osobowe powierzamy do przetwarzania podmiotom, z kt\u00f3rymi na sta\u0142e wsp\u00f3\u0142pracujemy, a kt\u00f3re odpowiadaj\u0105 za:<\/p>\n<p>\uf0b7 techniczn\u0105 obs\u0142ug\u0119 informatyczn\u0105 Stowarzyszenia,<\/p>\n<p>\uf0b7 obs\u0142ug\u0119 strony internetowej<\/p>\n<p>&nbsp;<\/p>\n<p>Podmioty te dzia\u0142aj\u0105 na podstawie um\u00f3w powierzenia i na r\u00f3wni z nami s\u0105 zobowi\u0105zane do ochrony danych osobowych.<\/p>\n<p>Ponadto w przypadku korzystania z komunikacji poczt\u0105 tradycyjn\u0105 dane osobowe powierzamy do przetwarzania po\u015brednikom pocztowym (Poczcie Polskiej oraz innym firmom dzia\u0142aj\u0105cym na podstawie prawa pocztowego) na podstawie um\u00f3w powierzenia i regulamin\u00f3w us\u0142ug.<\/p>\n<p>W niekt\u00f3rych sytuacjach przekazujemy dane innym odbiorcom (np. wsp\u00f3\u0142pracuj\u0105cym z nami przy organizacji szkolenia lub innego wydarzenia). W takich przypadkach zawsze o tym uprzednio informujemy, np. przy rejestracji.<\/p>\n<p><strong>Prawa os\u00f3b, kt\u00f3rych dane przetwarzamy <\/strong><\/p>\n<p>Wszystkim osobom, kt\u00f3rych dane przetwarzamy, przys\u0142uguje prawo dost\u0119pu do tre\u015bci swoich danych, prawo uzyskania kopii danych, a tak\u017ce prawo \u017c\u0105dania sprostowania oraz \u2013 w okre\u015blonych przypadkach \u2013 usuni\u0119cia lub ograniczenia ich przetwarzania.<\/p>\n<p>Osoby, kt\u00f3rych dane przetwarzamy na podstawie naszego prawnie uzasadnionego interesu (np. w przypadku wysy\u0142ki podzi\u0119kowa\u0144 osobom wspieraj\u0105cym nas darowiznami, osobom przekazuj\u0105cym 1% podatku oraz adresatom informacji prasowych), mog\u0105 zg\u0142osi\u0107 sprzeciw, o\u015bwiadczaj\u0105c, \u017ce nie \u017cycz\u0105 sobie, by\u015bmy w ten spos\u00f3b wykorzystywali ich dane.<\/p>\n<p>Je\u015bli przetwarzamy dane w celu realizacji umowy polegaj\u0105cej na wysy\u0142ce wcze\u015bniej zam\u00f3wionych materia\u0142\u00f3w (np. listy mailingowe), w ka\u017cdej chwili mo\u017cna z niej zrezygnowa\u0107. Inne umowy (np. darowizny) mo\u017cna wypowiedzie\u0107 na zasadach okre\u015blonych w kodeksie cywilnym lub w samej umowie.<\/p>\n<p>Je\u015bli przetwarzamy dane na podstawie zgody, mo\u017cna j\u0105 w ka\u017cdej chwili wycofa\u0107. W obu tych przypadkach (gdy przetwarzamy dane na podstawie umowy lub zgody) osoby, kt\u00f3rych dane przetwarzamy, maj\u0105 te\u017c prawo \u017c\u0105dania przeniesienia swoich danych.<\/p>\n<p>Zale\u017cy nam na tym, aby realizowanie Twoich praw dotycz\u0105cych przetwarzanych przez nas danych by\u0142o jak najprostsze. Jednak jako administrator danych musimy mie\u0107 pewno\u015b\u0107, \u017ce nie udost\u0119pnimy Twoich danych osobom nieuprawnionym. Dlatego je\u015bli b\u0119dziemy mieli w\u0105tpliwo\u015bci co do tego, \u017ce osoba, kt\u00f3ra np. prosi o dost\u0119p do danych lub \u017c\u0105da ich usuni\u0119cia, to rzeczywi\u015bcie osoba, kt\u00f3rej dane przetwarzamy, mo\u017cemy zwr\u00f3ci\u0107 si\u0119 do niej z pro\u015bb\u0105 o dodatkowe informacje.<\/p>\n<p>Je\u015bli uwa\u017casz, \u017ce Twoje prawa zosta\u0142y naruszone, mo\u017cesz z\u0142o\u017cy\u0107 skarg\u0119 do Prezesa Urz\u0119du Ochrony Danych Osobowych. Jednak je\u015bli zauwa\u017cysz jaki\u015b problem, poinformuj o nas o nim. Staramy si\u0119, \u017ceby jak najlepiej chroni\u0107 Twoje prawa, je\u017celi wska\u017cesz nam b\u0142\u0119dy w procesie przetwarzania danych, b\u0119dziemy chcieli jak najszybciej je naprawi\u0107.<\/p>\n<p><strong>Czyje dane przetwarzamy <\/strong><\/p>\n<p>Dane u\u017cytkownik\u00f3w stron w domenie<\/p>\n<p>Za po\u015brednictwem naszych stron internetowych zbieramy dane tylko w takim zakresie, w jakim jest to niezb\u0119dne do zarz\u0105dzania tymi stronami, zapewnienia sprawnego dzia\u0142ania oferowanych w ich ramach funkcjonalno\u015bci oraz analizowania skuteczno\u015bci komunikacji.<\/p>\n<p>Nasze narz\u0119dzie do generowania i analizowania statystyk odwiedzin stron Google Analytics zbiera przy pomocy skryptu: adres IP , typ urz\u0105dzenia, z kt\u00f3rego nast\u0119puje po\u0142\u0105czenie, typ systemu operacyjnego, nazw\u0119 domeny, z kt\u00f3rej u\u017cytkownik wchodzi na nasz\u0105 stron\u0119, dane lokalizacyjne (pa\u0144stwo, miasto), informacje o tym, jakie tre\u015bci na naszej stronie odwiedzi\u0142 dany u\u017cytkownik.<\/p>\n<p>Gromadzone dane nie s\u0105 kojarzone z konkretnymi osobami przegl\u0105daj\u0105cymi nasze strony. Ka\u017cdy mo\u017ce korzysta\u0107 z nich anonimowo \u2013 nie wymagamy rejestracji. Nie zabiegamy o identyfikacj\u0119, chyba \u017ce jest to niezb\u0119dne ze wzgl\u0119du na charakter podejmowanej czynno\u015bci, czyli np. w przypadku przekazywania darowizny.<\/p>\n<p>Opublikowane na stronie informacje b\u0119d\u0105 przechowywane do ko\u0144ca dzia\u0142alno\u015bci naszego Stowarzyszenia.<\/p>\n<p>Opisane zasady dotycz\u0105 jedynie serwis\u00f3w znajduj\u0105cych si\u0119 w domenie www.muko.gda.pl Nie odpowiadamy za polityk\u0119 prywatno\u015bci innych stron internetowych, do kt\u00f3rych linki znajduj\u0105 si\u0119 na naszych stronach.<\/p>\n<p>Dane os\u00f3b b\u0119d\u0105cych naszymi cz\u0142onkami<\/p>\n<p>Dane os\u00f3b stowarzyszonych w naszej organizacji przetwarzamy w celach statutowych odnosz\u0105cych si\u0119 do samych cz\u0142onk\u00f3w, jak np. umo\u017cliwienie cz\u0142onkom PTWM o. Gda\u0144sk uczestnictwa w Walnym Zgromadzeniu, realizacja uprawnienia czynnego i biernego prawa wyborczego do organ\u00f3w statutowych naszego stowarzyszenia. Dane cz\u0142onk\u00f3w przetwarzamy tak\u017ce w zwi\u0105zku z podstawow\u0105 dzia\u0142alno\u015bci\u0105 stowarzyszenia przez co nale\u017cy rozumie\u0107 \u015bwiadczenia szeroko poj\u0119tej pomocy beneficjentom i ich rodzinom poprzez wsparcie socjalne, psychologiczne, prawne i dietetyczne, prowadzenie subkonta 1% i subkonta darowizn, pomoc chorym w zbi\u00f3rce \u015brodk\u00f3w na leczenie, organizacj\u0119 projekt\u00f3w domowej rehabilitacji, dzia\u0142alno\u015b\u0107 informacyjn\u0105, edukacyjn\u0105 i wydawnicz\u0105, w tym organizacj\u0119 warsztat\u00f3w, szkole\u0144, wydarze\u0144 charytatywnych, , kontakt telefoniczny, mailowy i wysy\u0142k\u0119 korespondencji dotycz\u0105cej funkcjonowania PTWM, o. Gda\u0144sk, w tym realizowanych projekt\u00f3w i wydarze\u0144, podejmowanie wszelkich dzia\u0142a\u0144 maj\u0105cych na celu popraw\u0119 jako\u015bci \u017cycia chorych na mukowiscydoz\u0119.<\/p>\n<p>Dane Beneficjent\u00f3w PTWM oddzia\u0142u w Gda\u0144sku<\/p>\n<p>Celem, w jakim przetwarzamy dane osobowe beneficjent\u00f3w i ich rodzin jest \u015bwiadczenie r\u00f3\u017cnorakiej pomocy poprzez wsparcie socjalne, psychologiczne, prawne i dietetyczne, prowadzenie subkonta 1% i subkonta darowizn, pomoc chorym w zbi\u00f3rce \u015brodk\u00f3w na leczenie, organizacj\u0119 projekt\u00f3w domowej rehabilitacji, dzia\u0142alno\u015b\u0107 informacyjn\u0105, edukacyjn\u0105 i wydawnicz\u0105, w tym organizacj\u0119 warsztat\u00f3w, szkole\u0144, wydarze\u0144 charytatywnych, kontakt telefoniczny, mailowy i wysy\u0142k\u0119 korespondencji dotycz\u0105cej funkcjonowania PTWM o. Gda\u0144sk, w tym realizowanych projekt\u00f3w i wydarze\u0144, podejmowanie wszelkich dzia\u0142a\u0144 maj\u0105cych na celu popraw\u0119 jako\u015bci \u017cycia chorych na mukowiscydoz\u0119.<\/p>\n<p>Dane pracownik\u00f3w<\/p>\n<p>Nasze stowarzyszenie przetwarza dane osobowe pracownik\u00f3w, zatrudnionych na podstawie przepis\u00f3w prawa pracy, co stanowi obowi\u0105zek prawny administratora danych. Okres przetwarzania danych po zako\u0144czeniu umowy wynika z przepis\u00f3w prawa i wynosi 50 lat liczonych od rozwi\u0105zania\/wyga\u015bni\u0119cia umowy o prac\u0119, dla pracownik\u00f3w zatrudnionych po 01.01.2019 r. 10 lat od dnia ustania zatrudnienia, a w przypadku danych przetwarzanych na podstawie zgody-do momentu jej odwo\u0142ania.<\/p>\n<p>Dane wolontariuszy<\/p>\n<p>Dane osobowe wolontariuszy zbieramy na etapie rekrutacji os\u00f3b chc\u0105cych wspomaga\u0107 nasze stowarzyszenie w realizacji cel\u00f3w statutowych. Celem przetwarzania danych jest proces rekrutacji, a docelowo wsparcie w realizacji projekt\u00f3w i zada\u0144 PTWM o. Gda\u0144sk. Dane wolontariuszy przetwarzamy przez 5 lat liczonych od rozwi\u0105zania\/wyga\u015bni\u0119cia porozumienia wolontariackiego, a w przypadku danych przetwarzanych na podstawie zgody-do momentu jej odwo\u0142ania.<\/p>\n<p><em>Dane os\u00f3b wspieraj\u0105cych nasze stowarzyszenie darowiznami <\/em><\/p>\n<p>Dane os\u00f3b wspieraj\u0105cych nas darowiznami przetwarzamy przez 5 lat od ko\u0144ca roku kalendarzowego, w kt\u00f3rym w systemie odnotowali\u015bmy ostatni\u0105 interakcj\u0119 z dan\u0105 osob\u0105 np. otrzymali\u015bmy darowizn\u0119.<\/p>\n<p><em>Dane os\u00f3b wspieraj\u0105ce nas 1% podatku <\/em><\/p>\n<p>Od urz\u0119du skarbowego otrzymujemy dane os\u00f3b, kt\u00f3re przekaza\u0142y nam 1% podatku i zaznaczy\u0142y w formularzu PIT zgod\u0119 na przekazanie nam swoich danych. S\u0105 to: imi\u0119 i nazwisko podatniczki lub podatnika, adres, wysoko\u015b\u0107 przekazanej kwoty podatku, dane wsp\u00f3\u0142ma\u0142\u017conka\/-ki \u2013 w przypadku wsp\u00f3lnego rozliczania podatku \u2013 oraz ewentualne dodatkowe informacje zamieszczone w rubryce formularza PIT dotycz\u0105cej 1%. Dane przetwarzamy na podstawie naszego prawnie uzasadnionego interesu w celu podzi\u0119kowania za wsparcie. Na adresy przekazane nam przez urz\u0119dy skarbowe raz w roku wysy\u0142amy list z podzi\u0119kowaniem, podsumowanie, na co wydali\u015bmy otrzymane pieni\u0105dze, oraz egzemplarze naszych materia\u0142\u00f3w. Je\u015bli nie \u017cyczysz sobie, \u017ceby\u015bmy przetwarzali Twoje dane w tym celu, nie zgadzaj si\u0119 na przekazywanie nam ich przy okazji kolejnego rozliczenia podatku. Je\u015bli ju\u017c je przekaza\u0142e\u015b\/-a\u015b, ale zmieni\u0142e\u015b\/-a\u015b zdanie, wy\u015blij sw\u00f3j sprzeciw na adres: biuro@muko.gda.pl<\/p>\n<p>Dane os\u00f3b wspieraj\u0105cych nas 1% podatku przetwarzamy na podstawie naszego prawnie uzasadnionego interesu w celu zarz\u0105dzania relacjami przez 5 lat od ko\u0144ca roku kalendarzowego, w kt\u00f3rym w naszej bazie odnotowali\u015bmy ostatni\u0105 interakcj\u0119 z dan\u0105 osob\u0105 np. otrzymali\u015bmy darowizn\u0119.<\/p>\n<p>Dane os\u00f3b uczestnicz\u0105cych w wydarzeniach publicznych<\/p>\n<p>W przypadku organizowania otwartych wydarze\u0144 publicznych nie prosimy o podawanie danych osobowych. W przypadku wydarze\u0144 wymagaj\u0105cych rejestracji co do zasady prosimy o podanie: imienia i nazwiska, adresu e-mail, numeru telefonu, chyba \u017ce charakter wydarzenia np. szkolenia, b\u0119dzie wymaga\u0142 zebrania innych informacji. W takim przypadku podanie danych jest dobrowolne, ale<\/p>\n<p>konieczne do zarejestrowania si\u0119 na wydarzenie. Dane te przetwarzamy w celu organizacji wydarzenia \u2013 jest to niezb\u0119dne do wykonania umowy.<\/p>\n<p>Po zako\u0144czeniu wydarzenia dane przetwarzamy na podstawie naszego prawnie uzasadnionego interesu w celu zarz\u0105dzania relacjami. Dane os\u00f3b zakwalifikowanych na wydarzenia wymagaj\u0105ce rejestracji przetwarzamy przez 2 lata od ko\u0144ca roku kalendarzowego, w kt\u00f3rym w systemie odnotowali\u015bmy ostatni\u0105 interakcj\u0119 z dan\u0105 osob\u0105 np. otrzymali\u015bmy darowizn\u0119 lub odnotowali\u015bmy udzia\u0142 w organizowanym przez nas wydarzeniu. Dane pozosta\u0142ych os\u00f3b usuwamy niezw\u0142ocznie po zako\u0144czeniu wydarzenia, jednak nie p\u00f3\u017aniej ni\u017c 6 miesi\u0119cy po zako\u0144czeniu roku kalendarzowego, w kt\u00f3rym si\u0119 ono odby\u0142o. Je\u015bli chcesz, \u017ceby\u015bmy usun\u0119li je wcze\u015bniej, wy\u015blij sw\u00f3j sprzeciw na adres: biuro@muko.gda.pl W przypadku wydarze\u0144 organizowanych ze \u015brodk\u00f3w grantodawc\u00f3w wymagaj\u0105cych od nas przechowywania dokumentacji przez d\u0142u\u017cszy okres, odpowiedni\u0105 informacj\u0119 udost\u0119pnimy przy zapisie na wydarzenie.<\/p>\n<p>Przy okazji organizacji niekt\u00f3rych wydarze\u0144 pytamy dodatkowo o zgod\u0119 na informowanie o innych inicjatywach o podobnym charakterze. Osoba, kt\u00f3ra j\u0105 wyrazi\u0142a, mo\u017ce j\u0105 w ka\u017cdej chwili wycofa\u0107, ma te\u017c prawo \u017c\u0105dania przeniesienia swoich danych. Je\u015bli tego nie zrobi, b\u0119dziemy jej dane przechowywa\u0107 do ko\u0144ca dzia\u0142alno\u015bci naszego stowarzyszenia.<\/p>\n<p>Dane os\u00f3b korzystaj\u0105cych z kana\u0142\u00f3w komunikacji niepublicznej<\/p>\n<p>Dane os\u00f3b, z kt\u00f3rymi kontaktujemy si\u0119 za po\u015brednictwem poczty elektronicznej (adresy w domenie www.muko.gda.pl), telefonicznie, za po\u015brednictwem SMS-\u00f3w, aplikacji Messenger czy listownie, przetwarzamy na podstawie uzasadnionego interesu, w celu obs\u0142ugi korespondencji, w celach wynikaj\u0105cych z tre\u015bci komunikacji lub w celu nawi\u0105zania kontaktu w przysz\u0142o\u015bci. Dane te mog\u0105 obejmowa\u0107 imi\u0119 i nazwisko, adres, adres e-mail, numer telefonu oraz ewentualne inne informacje zawarte w tre\u015bci wiadomo\u015bci. Podanie tych danych jest dobrowolne. Dane przetwarzamy w celu zarz\u0105dzania relacjami do ko\u0144ca dzia\u0142alno\u015bci stowarzyszenia.<\/p>\n<p>Dane os\u00f3b kontaktuj\u0105cych si\u0119 z nami za po\u015brednictwem portali spo\u0142eczno\u015bciowych<\/p>\n<p>Facebook, Instagram i Twitter s\u0105 administratorami danych osobowych swoich u\u017cytkownik\u00f3w i przetwarzaj\u0105 je na podstawie w\u0142asnych regulamin\u00f3w. Kiedy wchodzisz w interakcj\u0119 z nami poprzez Facebook, Instagram lub Twitter (reakcje na posty, udost\u0119pnienia\/retweety, komentarze, wiadomo\u015bci prywatne, a nawet poprzez sam fakt \u201epolubienia\u201d), administratorem Twoich danych osobowych staje si\u0119 opr\u00f3cz Facebooka, Instagrama czy Twittera tak\u017ce Polskie Towarzystwo Walki z Mukowiscydoz\u0105 oddzia\u0142 w Gda\u0144sku. Dane, takie jak imi\u0119 i nazwisko\/nick, wizerunek, profil publiczny oraz inne informacje przekazane w wiadomo\u015bciach lub komentarzach, przetwarzamy na podstawie naszego prawnie uzasadnionego interesu, w celu odpowiedzi na komentarze i wiadomo\u015bci, utrzymywanie relacji z osobami wchodz\u0105cymi z nami w interakcje.<\/p>\n<p>Twoich interakcji z nami na Facebooku co do zasady nie \u0142\u0105czymy z informacjami, kt\u00f3re przeka\u017cesz nam w inny spos\u00f3b (np. e-mailem), chyba \u017ce co\u015b innego wynika z okoliczno\u015bci (np. napisa\u0142a\u015b\/-e\u015b do nas wiadomo\u015b\u0107 prywatn\u0105 na Facebooku, w kt\u00f3rej poda\u0142a\u015b\/-e\u015b adres e-mail z pro\u015bb\u0105 o kontakt). Nikomu nie przekazujemy Twoich danych osobowych. Miej jednak na uwadze, \u017ce do wszystkich informacji o Tobie ma dost\u0119p odpowiednio Facebook, Instagram i Twitter jako administratorzy portali.<\/p>\n<p>Zach\u0119camy do dba\u0142o\u015bci o w\u0142asne dane osobowe, dlatego je\u015bli chcesz podzieli\u0107 si\u0119 z nami swoimi danymi czy informacjami wymagaj\u0105cymi poufno\u015bci, nie czy\u0144 tego za po\u015brednictwem portali spo\u0142eczno\u015bciowych, a wybieraj kana\u0142y komunikacji nad kt\u00f3rymi mamy kontrol\u0119 tzn, e-mail, telefon, tradycyjna komunikacja listowa. Zach\u0119camy tak\u017ce do szyfrowania wysy\u0142anych wiadomo\u015bci.<\/p>\n<p>Tekst polityki obowi\u0105zuj\u0105cy od dnia 22.06.2022<\/p>\n","protected":false},"excerpt":{"rendered":"&nbsp; Polityka prywatno\u015bci Kto jest administratorem danych osobowych Administratorem danych osobowych, kt\u00f3rych zasady przetwarzania opisujemy&#8230;","protected":false},"author":3,"featured_media":0,"parent":0,"menu_order":0,"comment_status":"closed","ping_status":"closed","template":"template-text.php","meta":[],"acf":[],"yoast_head":"<!-- This site is optimized with the Yoast SEO plugin v19.3 - https:\/\/yoast.com\/wordpress\/plugins\/seo\/ -->\n<title>Polityka prywatno\u015bci - #PrzeskoczMukowiscydoz\u0119<\/title>\n<meta name=\"robots\" content=\"index, follow, max-snippet:-1, max-image-preview:large, max-video-preview:-1\" \/>\n<link rel=\"canonical\" href=\"https:\/\/muko.gda.pl\/przeskoczmukowiscydoze\/rodo\/\" \/>\n<meta property=\"og:locale\" content=\"pl_PL\" \/>\n<meta property=\"og:type\" content=\"article\" \/>\n<meta property=\"og:title\" content=\"Polityka prywatno\u015bci - #PrzeskoczMukowiscydoz\u0119\" \/>\n<meta property=\"og:description\" content=\"&nbsp; Polityka prywatno\u015bci Kto jest administratorem danych osobowych Administratorem danych osobowych, kt\u00f3rych zasady przetwarzania opisujemy...\" \/>\n<meta property=\"og:url\" content=\"https:\/\/muko.gda.pl\/przeskoczmukowiscydoze\/rodo\/\" \/>\n<meta property=\"og:site_name\" content=\"#PrzeskoczMukowiscydoz\u0119\" \/>\n<meta property=\"article:modified_time\" content=\"2022-07-27T09:07:01+00:00\" \/>\n<meta name=\"twitter:card\" content=\"summary_large_image\" \/>\n<meta name=\"twitter:label1\" content=\"Est. reading time\" \/>\n\t<meta name=\"twitter:data1\" content=\"11 minut\" \/>\n<script type=\"application\/ld+json\" class=\"yoast-schema-graph\">{\"@context\":\"https:\/\/schema.org\",\"@graph\":[{\"@type\":\"WebSite\",\"@id\":\"https:\/\/muko.gda.pl\/przeskoczmukowiscydoze\/#website\",\"url\":\"https:\/\/muko.gda.pl\/przeskoczmukowiscydoze\/\",\"name\":\"#PrzeskoczMukowiscydoz\u0119\",\"description\":\"8-go wrze\u015bnia obchodzimy \u015awiatowy Dzie\u0144 Mukowiscydozy\",\"potentialAction\":[{\"@type\":\"SearchAction\",\"target\":{\"@type\":\"EntryPoint\",\"urlTemplate\":\"https:\/\/muko.gda.pl\/przeskoczmukowiscydoze\/?s={search_term_string}\"},\"query-input\":\"required name=search_term_string\"}],\"inLanguage\":\"pl-PL\"},{\"@type\":\"WebPage\",\"@id\":\"https:\/\/muko.gda.pl\/przeskoczmukowiscydoze\/rodo\/\",\"url\":\"https:\/\/muko.gda.pl\/przeskoczmukowiscydoze\/rodo\/\",\"name\":\"Polityka prywatno\u015bci - #PrzeskoczMukowiscydoz\u0119\",\"isPartOf\":{\"@id\":\"https:\/\/muko.gda.pl\/przeskoczmukowiscydoze\/#website\"},\"datePublished\":\"2022-06-10T11:15:00+00:00\",\"dateModified\":\"2022-07-27T09:07:01+00:00\",\"breadcrumb\":{\"@id\":\"https:\/\/muko.gda.pl\/przeskoczmukowiscydoze\/rodo\/#breadcrumb\"},\"inLanguage\":\"pl-PL\",\"potentialAction\":[{\"@type\":\"ReadAction\",\"target\":[\"https:\/\/muko.gda.pl\/przeskoczmukowiscydoze\/rodo\/\"]}]},{\"@type\":\"BreadcrumbList\",\"@id\":\"https:\/\/muko.gda.pl\/przeskoczmukowiscydoze\/rodo\/#breadcrumb\",\"itemListElement\":[{\"@type\":\"ListItem\",\"position\":1,\"name\":\"Strona g\u0142\u00f3wna\",\"item\":\"https:\/\/muko.gda.pl\/przeskoczmukowiscydoze\/\"},{\"@type\":\"ListItem\",\"position\":2,\"name\":\"Polityka prywatno\u015bci\"}]}]}<\/script>\n<!-- \/ Yoast SEO plugin. -->","yoast_head_json":{"title":"Polityka prywatno\u015bci - #PrzeskoczMukowiscydoz\u0119","robots":{"index":"index","follow":"follow","max-snippet":"max-snippet:-1","max-image-preview":"max-image-preview:large","max-video-preview":"max-video-preview:-1"},"canonical":"https:\/\/muko.gda.pl\/przeskoczmukowiscydoze\/rodo\/","og_locale":"pl_PL","og_type":"article","og_title":"Polityka prywatno\u015bci - #PrzeskoczMukowiscydoz\u0119","og_description":"&nbsp; Polityka prywatno\u015bci Kto jest administratorem danych osobowych Administratorem danych osobowych, kt\u00f3rych zasady przetwarzania opisujemy...","og_url":"https:\/\/muko.gda.pl\/przeskoczmukowiscydoze\/rodo\/","og_site_name":"#PrzeskoczMukowiscydoz\u0119","article_modified_time":"2022-07-27T09:07:01+00:00","twitter_card":"summary_large_image","twitter_misc":{"Est. reading time":"11 minut"},"schema":{"@context":"https:\/\/schema.org","@graph":[{"@type":"WebSite","@id":"https:\/\/muko.gda.pl\/przeskoczmukowiscydoze\/#website","url":"https:\/\/muko.gda.pl\/przeskoczmukowiscydoze\/","name":"#PrzeskoczMukowiscydoz\u0119","description":"8-go wrze\u015bnia obchodzimy \u015awiatowy Dzie\u0144 Mukowiscydozy","potentialAction":[{"@type":"SearchAction","target":{"@type":"EntryPoint","urlTemplate":"https:\/\/muko.gda.pl\/przeskoczmukowiscydoze\/?s={search_term_string}"},"query-input":"required name=search_term_string"}],"inLanguage":"pl-PL"},{"@type":"WebPage","@id":"https:\/\/muko.gda.pl\/przeskoczmukowiscydoze\/rodo\/","url":"https:\/\/muko.gda.pl\/przeskoczmukowiscydoze\/rodo\/","name":"Polityka prywatno\u015bci - #PrzeskoczMukowiscydoz\u0119","isPartOf":{"@id":"https:\/\/muko.gda.pl\/przeskoczmukowiscydoze\/#website"},"datePublished":"2022-06-10T11:15:00+00:00","dateModified":"2022-07-27T09:07:01+00:00","breadcrumb":{"@id":"https:\/\/muko.gda.pl\/przeskoczmukowiscydoze\/rodo\/#breadcrumb"},"inLanguage":"pl-PL","potentialAction":[{"@type":"ReadAction","target":["https:\/\/muko.gda.pl\/przeskoczmukowiscydoze\/rodo\/"]}]},{"@type":"BreadcrumbList","@id":"https:\/\/muko.gda.pl\/przeskoczmukowiscydoze\/rodo\/#breadcrumb","itemListElement":[{"@type":"ListItem","position":1,"name":"Strona g\u0142\u00f3wna","item":"https:\/\/muko.gda.pl\/przeskoczmukowiscydoze\/"},{"@type":"ListItem","position":2,"name":"Polityka prywatno\u015bci"}]}]}},"_links":{"self":[{"href":"https:\/\/muko.gda.pl\/przeskoczmukowiscydoze\/wp-json\/wp\/v2\/pages\/165"}],"collection":[{"href":"https:\/\/muko.gda.pl\/przeskoczmukowiscydoze\/wp-json\/wp\/v2\/pages"}],"about":[{"href":"https:\/\/muko.gda.pl\/przeskoczmukowiscydoze\/wp-json\/wp\/v2\/types\/page"}],"author":[{"embeddable":true,"href":"https:\/\/muko.gda.pl\/przeskoczmukowiscydoze\/wp-json\/wp\/v2\/users\/3"}],"replies":[{"embeddable":true,"href":"https:\/\/muko.gda.pl\/przeskoczmukowiscydoze\/wp-json\/wp\/v2\/comments?post=165"}],"version-history":[{"count":3,"href":"https:\/\/muko.gda.pl\/przeskoczmukowiscydoze\/wp-json\/wp\/v2\/pages\/165\/revisions"}],"predecessor-version":[{"id":262,"href":"https:\/\/muko.gda.pl\/przeskoczmukowiscydoze\/wp-json\/wp\/v2\/pages\/165\/revisions\/262"}],"wp:attachment":[{"href":"https:\/\/muko.gda.pl\/przeskoczmukowiscydoze\/wp-json\/wp\/v2\/media?parent=165"}],"curies":[{"name":"wp","href":"https:\/\/api.w.org\/{rel}","templated":true}]}}